{"id":3225,"date":"2015-10-09T13:22:58","date_gmt":"2015-10-09T11:22:58","guid":{"rendered":"https:\/\/global.razor.com\/de\/products\/"},"modified":"2022-05-02T21:46:19","modified_gmt":"2022-05-02T19:46:19","slug":"produkte","status":"publish","type":"page","link":"https:\/\/global.razor.com\/de\/produkte\/","title":{"rendered":"Razor Produkte"},"content":{"rendered":"<p>Razor Rides sind von der kalifornischen Kultur und dem Nervenkitzel des Actionsports inspiriert \u2013 von Driftrennen bis Motocross, Dirtbiken, Snowboarden und Surfen. Unsere innovativen, preisgekr\u00f6nten Roller und Rutscher verk\u00f6rpern den Geist von Freiheit und Spa\u00df.<\/p>\n","protected":false},"excerpt":{"rendered":"<p>Razor Rides sind von der kalifornischen Kultur und dem Nervenkitzel des Actionsports inspiriert \u2013 von Driftrennen bis Motocross, Dirtbiken, Snowboarden und Surfen. Unsere innovativen, preisgekr\u00f6nten Roller und Rutscher verk\u00f6rpern den Geist von Freiheit und Spa\u00df.<\/p>\n","protected":false},"author":1,"featured_media":0,"parent":0,"menu_order":0,"comment_status":"closed","ping_status":"open","template":"page-all-products.php","meta":{"_acf_changed":false,"ngg_post_thumbnail":0,"footnotes":""},"class_list":["post-3225","page","type-page","status-publish","hentry"],"acf":[],"yoast_head":"<!-- This site is optimized with the Yoast SEO plugin v24.8.1 - https:\/\/yoast.com\/wordpress\/plugins\/seo\/ -->\n<title>Razor Produkte - Razor - Deutschland<\/title>\n<meta name=\"robots\" content=\"index, follow, max-snippet:-1, max-image-preview:large, max-video-preview:-1\" \/>\n<link rel=\"canonical\" href=\"https:\/\/global.razor.com\/de\/produkte\/\" \/>\n<meta property=\"og:locale\" content=\"de_DE\" \/>\n<meta property=\"og:type\" content=\"article\" \/>\n<meta property=\"og:title\" content=\"Razor Produkte - Razor - Deutschland\" \/>\n<meta property=\"og:description\" content=\"Razor Rides sind von der kalifornischen Kultur und dem Nervenkitzel des Actionsports inspiriert \u2013 von Driftrennen bis Motocross, Dirtbiken, Snowboarden und Surfen. Unsere innovativen, preisgekr\u00f6nten Roller und Rutscher verk\u00f6rpern den Geist von Freiheit und Spa\u00df.\" \/>\n<meta property=\"og:url\" content=\"https:\/\/global.razor.com\/de\/produkte\/\" \/>\n<meta property=\"og:site_name\" content=\"Razor - Deutschland\" \/>\n<meta property=\"article:publisher\" content=\"https:\/\/www.facebook.com\/RazorWorldwide\" \/>\n<meta property=\"article:modified_time\" content=\"2022-05-02T19:46:19+00:00\" \/>\n<meta property=\"og:image\" content=\"http:\/\/www.razor.com\/wp-content\/themes\/razor\/images\/razor-fb-200x200.jpg\" \/>\n<meta name=\"twitter:card\" content=\"summary_large_image\" \/>\n<meta name=\"twitter:site\" content=\"@RazorWorldwide\" \/>\n<script type=\"application\/ld+json\" class=\"yoast-schema-graph\">{\"@context\":\"https:\/\/schema.org\",\"@graph\":[{\"@type\":\"WebPage\",\"@id\":\"https:\/\/global.razor.com\/de\/produkte\/\",\"url\":\"https:\/\/global.razor.com\/de\/produkte\/\",\"name\":\"Razor Produkte - Razor - Deutschland\",\"isPartOf\":{\"@id\":\"https:\/\/global.razor.com\/de\/#website\"},\"datePublished\":\"2015-10-09T11:22:58+00:00\",\"dateModified\":\"2022-05-02T19:46:19+00:00\",\"breadcrumb\":{\"@id\":\"https:\/\/global.razor.com\/de\/produkte\/#breadcrumb\"},\"inLanguage\":\"de-DE\",\"potentialAction\":[{\"@type\":\"ReadAction\",\"target\":[\"https:\/\/global.razor.com\/de\/produkte\/\"]}]},{\"@type\":\"BreadcrumbList\",\"@id\":\"https:\/\/global.razor.com\/de\/produkte\/#breadcrumb\",\"itemListElement\":[{\"@type\":\"ListItem\",\"position\":1,\"name\":\"Startseite\",\"item\":\"https:\/\/global.razor.com\/de\/\"},{\"@type\":\"ListItem\",\"position\":2,\"name\":\"Razor Produkte\"}]},{\"@type\":\"WebSite\",\"@id\":\"https:\/\/global.razor.com\/de\/#website\",\"url\":\"https:\/\/global.razor.com\/de\/\",\"name\":\"Razor - Deutschland\",\"description\":\"\",\"potentialAction\":[{\"@type\":\"SearchAction\",\"target\":{\"@type\":\"EntryPoint\",\"urlTemplate\":\"https:\/\/global.razor.com\/de\/search-results\/?q={search_term_string}\"},\"query-input\":{\"@type\":\"PropertyValueSpecification\",\"valueRequired\":true,\"valueName\":\"search_term_string\"}}],\"inLanguage\":\"de-DE\"}]}<\/script>\n<!-- \/ Yoast SEO plugin. -->","yoast_head_json":{"title":"Razor Produkte - Razor - Deutschland","robots":{"index":"index","follow":"follow","max-snippet":"max-snippet:-1","max-image-preview":"max-image-preview:large","max-video-preview":"max-video-preview:-1"},"canonical":"https:\/\/global.razor.com\/de\/produkte\/","og_locale":"de_DE","og_type":"article","og_title":"Razor Produkte - Razor - Deutschland","og_description":"Razor Rides sind von der kalifornischen Kultur und dem Nervenkitzel des Actionsports inspiriert \u2013 von Driftrennen bis Motocross, Dirtbiken, Snowboarden und Surfen. Unsere innovativen, preisgekr\u00f6nten Roller und Rutscher verk\u00f6rpern den Geist von Freiheit und Spa\u00df.","og_url":"https:\/\/global.razor.com\/de\/produkte\/","og_site_name":"Razor - Deutschland","article_publisher":"https:\/\/www.facebook.com\/RazorWorldwide","article_modified_time":"2022-05-02T19:46:19+00:00","og_image":[{"url":"http:\/\/www.razor.com\/wp-content\/themes\/razor\/images\/razor-fb-200x200.jpg","type":"","width":"","height":""}],"twitter_card":"summary_large_image","twitter_site":"@RazorWorldwide","schema":{"@context":"https:\/\/schema.org","@graph":[{"@type":"WebPage","@id":"https:\/\/global.razor.com\/de\/produkte\/","url":"https:\/\/global.razor.com\/de\/produkte\/","name":"Razor Produkte - Razor - Deutschland","isPartOf":{"@id":"https:\/\/global.razor.com\/de\/#website"},"datePublished":"2015-10-09T11:22:58+00:00","dateModified":"2022-05-02T19:46:19+00:00","breadcrumb":{"@id":"https:\/\/global.razor.com\/de\/produkte\/#breadcrumb"},"inLanguage":"de-DE","potentialAction":[{"@type":"ReadAction","target":["https:\/\/global.razor.com\/de\/produkte\/"]}]},{"@type":"BreadcrumbList","@id":"https:\/\/global.razor.com\/de\/produkte\/#breadcrumb","itemListElement":[{"@type":"ListItem","position":1,"name":"Startseite","item":"https:\/\/global.razor.com\/de\/"},{"@type":"ListItem","position":2,"name":"Razor Produkte"}]},{"@type":"WebSite","@id":"https:\/\/global.razor.com\/de\/#website","url":"https:\/\/global.razor.com\/de\/","name":"Razor - Deutschland","description":"","potentialAction":[{"@type":"SearchAction","target":{"@type":"EntryPoint","urlTemplate":"https:\/\/global.razor.com\/de\/search-results\/?q={search_term_string}"},"query-input":{"@type":"PropertyValueSpecification","valueRequired":true,"valueName":"search_term_string"}}],"inLanguage":"de-DE"}]}},"_links":{"self":[{"href":"https:\/\/global.razor.com\/de\/wp-json\/wp\/v2\/pages\/3225","targetHints":{"allow":["GET"]}}],"collection":[{"href":"https:\/\/global.razor.com\/de\/wp-json\/wp\/v2\/pages"}],"about":[{"href":"https:\/\/global.razor.com\/de\/wp-json\/wp\/v2\/types\/page"}],"author":[{"embeddable":true,"href":"https:\/\/global.razor.com\/de\/wp-json\/wp\/v2\/users\/1"}],"replies":[{"embeddable":true,"href":"https:\/\/global.razor.com\/de\/wp-json\/wp\/v2\/comments?post=3225"}],"version-history":[{"count":0,"href":"https:\/\/global.razor.com\/de\/wp-json\/wp\/v2\/pages\/3225\/revisions"}],"wp:attachment":[{"href":"https:\/\/global.razor.com\/de\/wp-json\/wp\/v2\/media?parent=3225"}],"curies":[{"name":"wp","href":"https:\/\/api.w.org\/{rel}","templated":true}]}}