{"id":12202,"date":"2022-05-09T18:14:31","date_gmt":"2022-05-09T16:14:31","guid":{"rendered":"https:\/\/global.razor.com\/de\/?page_id=12202"},"modified":"2022-05-09T18:14:31","modified_gmt":"2022-05-09T16:14:31","slug":"service-und-reparaturzentren-fuer-razor-produkte","status":"publish","type":"page","link":"https:\/\/global.razor.com\/de\/razor-kundenbetreuung\/service-und-reparaturzentren-fuer-razor-produkte\/","title":{"rendered":"Service- und Reparaturzentren f\u00fcr Razor-Produkte"},"content":{"rendered":"<ul>\n<li>Reparaturen sowohl im Rahmen der Garantielaufzeit als auch au\u00dferhalb der Garantielaufzeit<\/li>\n<li>Hilfe und Beratung zum Betrieb deines Produkts<\/li>\n<li>Beratung zu Upgrades f\u00fcr Profi-Scooter<\/li>\n<\/ul>\n<p>Solltest du Fragen zum Kundendienst haben, wende dich an unser Team, unter Deutschland <a href=\"mailto:help@razoreu.com\">help@razoreu.com<\/a>.<br \/>\n&nbsp;<br \/>\n<em>*Bitte halte den Produktnamen, die Seriennummer, den Kaufbeleg und eine Beschreibung des Problems bereit, damit wir dir so schnell wie m\u00f6glich helfen k\u00f6nnen.<\/em><\/p>\n","protected":false},"excerpt":{"rendered":"<p>Reparaturen sowohl im Rahmen der Garantielaufzeit als auch au\u00dferhalb der Garantielaufzeit Hilfe und Beratung zum Betrieb deines Produkts Beratung zu Upgrades f\u00fcr Profi-Scooter Solltest du Fragen zum Kundendienst haben, wende dich an unser Team, unter Deutschland help@razoreu.com. &nbsp; *Bitte halte den Produktnamen, die Seriennummer, den Kaufbeleg und eine Beschreibung des Problems bereit, damit wir dir&#8230;  <a class=\"excerpt-read-more\" href=\"https:\/\/global.razor.com\/de\/razor-kundenbetreuung\/service-und-reparaturzentren-fuer-razor-produkte\/\" title=\"LesenService- und Reparaturzentren f\u00fcr Razor-Produkte\">Read more &raquo;<\/a><\/p>\n","protected":false},"author":4,"featured_media":0,"parent":3211,"menu_order":0,"comment_status":"closed","ping_status":"closed","template":"","meta":{"_acf_changed":false,"ngg_post_thumbnail":0,"footnotes":""},"class_list":["post-12202","page","type-page","status-publish","hentry"],"acf":[],"yoast_head":"<!-- This site is optimized with the Yoast SEO plugin v24.8.1 - https:\/\/yoast.com\/wordpress\/plugins\/seo\/ -->\n<title>Service- und Reparaturzentren f\u00fcr Razor-Produkte - Razor - Deutschland<\/title>\n<meta name=\"robots\" content=\"index, follow, max-snippet:-1, max-image-preview:large, max-video-preview:-1\" \/>\n<link rel=\"canonical\" href=\"https:\/\/global.razor.com\/de\/razor-kundenbetreuung\/service-und-reparaturzentren-fuer-razor-produkte\/\" \/>\n<meta property=\"og:locale\" content=\"de_DE\" \/>\n<meta property=\"og:type\" content=\"article\" \/>\n<meta property=\"og:title\" content=\"Service- und Reparaturzentren f\u00fcr Razor-Produkte - Razor - Deutschland\" \/>\n<meta property=\"og:description\" content=\"Reparaturen sowohl im Rahmen der Garantielaufzeit als auch au\u00dferhalb der Garantielaufzeit Hilfe und Beratung zum Betrieb deines Produkts Beratung zu Upgrades f\u00fcr Profi-Scooter Solltest du Fragen zum Kundendienst haben, wende dich an unser Team, unter Deutschland help@razoreu.com. &nbsp; *Bitte halte den Produktnamen, die Seriennummer, den Kaufbeleg und eine Beschreibung des Problems bereit, damit wir dir... Read more &raquo;\" \/>\n<meta property=\"og:url\" content=\"https:\/\/global.razor.com\/de\/razor-kundenbetreuung\/service-und-reparaturzentren-fuer-razor-produkte\/\" \/>\n<meta property=\"og:site_name\" content=\"Razor - Deutschland\" \/>\n<meta property=\"article:publisher\" content=\"https:\/\/www.facebook.com\/RazorWorldwide\" \/>\n<meta property=\"og:image\" content=\"http:\/\/www.razor.com\/wp-content\/themes\/razor\/images\/razor-fb-200x200.jpg\" \/>\n<meta name=\"twitter:card\" content=\"summary_large_image\" \/>\n<meta name=\"twitter:site\" content=\"@RazorWorldwide\" \/>\n<script type=\"application\/ld+json\" class=\"yoast-schema-graph\">{\"@context\":\"https:\/\/schema.org\",\"@graph\":[{\"@type\":\"WebPage\",\"@id\":\"https:\/\/global.razor.com\/de\/razor-kundenbetreuung\/service-und-reparaturzentren-fuer-razor-produkte\/\",\"url\":\"https:\/\/global.razor.com\/de\/razor-kundenbetreuung\/service-und-reparaturzentren-fuer-razor-produkte\/\",\"name\":\"Service- und Reparaturzentren f\u00fcr Razor-Produkte - Razor - Deutschland\",\"isPartOf\":{\"@id\":\"https:\/\/global.razor.com\/de\/#website\"},\"datePublished\":\"2022-05-09T16:14:31+00:00\",\"breadcrumb\":{\"@id\":\"https:\/\/global.razor.com\/de\/razor-kundenbetreuung\/service-und-reparaturzentren-fuer-razor-produkte\/#breadcrumb\"},\"inLanguage\":\"de-DE\",\"potentialAction\":[{\"@type\":\"ReadAction\",\"target\":[\"https:\/\/global.razor.com\/de\/razor-kundenbetreuung\/service-und-reparaturzentren-fuer-razor-produkte\/\"]}]},{\"@type\":\"BreadcrumbList\",\"@id\":\"https:\/\/global.razor.com\/de\/razor-kundenbetreuung\/service-und-reparaturzentren-fuer-razor-produkte\/#breadcrumb\",\"itemListElement\":[{\"@type\":\"ListItem\",\"position\":1,\"name\":\"Startseite\",\"item\":\"https:\/\/global.razor.com\/de\/\"},{\"@type\":\"ListItem\",\"position\":2,\"name\":\"Razor Kundenbetreuung\",\"item\":\"https:\/\/global.razor.com\/de\/razor-kundenbetreuung\/\"},{\"@type\":\"ListItem\",\"position\":3,\"name\":\"Service- und Reparaturzentren f\u00fcr Razor-Produkte\"}]},{\"@type\":\"WebSite\",\"@id\":\"https:\/\/global.razor.com\/de\/#website\",\"url\":\"https:\/\/global.razor.com\/de\/\",\"name\":\"Razor - Deutschland\",\"description\":\"\",\"potentialAction\":[{\"@type\":\"SearchAction\",\"target\":{\"@type\":\"EntryPoint\",\"urlTemplate\":\"https:\/\/global.razor.com\/de\/search-results\/?q={search_term_string}\"},\"query-input\":{\"@type\":\"PropertyValueSpecification\",\"valueRequired\":true,\"valueName\":\"search_term_string\"}}],\"inLanguage\":\"de-DE\"}]}<\/script>\n<!-- \/ Yoast SEO plugin. -->","yoast_head_json":{"title":"Service- und Reparaturzentren f\u00fcr Razor-Produkte - Razor - Deutschland","robots":{"index":"index","follow":"follow","max-snippet":"max-snippet:-1","max-image-preview":"max-image-preview:large","max-video-preview":"max-video-preview:-1"},"canonical":"https:\/\/global.razor.com\/de\/razor-kundenbetreuung\/service-und-reparaturzentren-fuer-razor-produkte\/","og_locale":"de_DE","og_type":"article","og_title":"Service- und Reparaturzentren f\u00fcr Razor-Produkte - Razor - Deutschland","og_description":"Reparaturen sowohl im Rahmen der Garantielaufzeit als auch au\u00dferhalb der Garantielaufzeit Hilfe und Beratung zum Betrieb deines Produkts Beratung zu Upgrades f\u00fcr Profi-Scooter Solltest du Fragen zum Kundendienst haben, wende dich an unser Team, unter Deutschland help@razoreu.com. &nbsp; *Bitte halte den Produktnamen, die Seriennummer, den Kaufbeleg und eine Beschreibung des Problems bereit, damit wir dir... Read more &raquo;","og_url":"https:\/\/global.razor.com\/de\/razor-kundenbetreuung\/service-und-reparaturzentren-fuer-razor-produkte\/","og_site_name":"Razor - Deutschland","article_publisher":"https:\/\/www.facebook.com\/RazorWorldwide","og_image":[{"url":"http:\/\/www.razor.com\/wp-content\/themes\/razor\/images\/razor-fb-200x200.jpg","type":"","width":"","height":""}],"twitter_card":"summary_large_image","twitter_site":"@RazorWorldwide","schema":{"@context":"https:\/\/schema.org","@graph":[{"@type":"WebPage","@id":"https:\/\/global.razor.com\/de\/razor-kundenbetreuung\/service-und-reparaturzentren-fuer-razor-produkte\/","url":"https:\/\/global.razor.com\/de\/razor-kundenbetreuung\/service-und-reparaturzentren-fuer-razor-produkte\/","name":"Service- und Reparaturzentren f\u00fcr Razor-Produkte - Razor - Deutschland","isPartOf":{"@id":"https:\/\/global.razor.com\/de\/#website"},"datePublished":"2022-05-09T16:14:31+00:00","breadcrumb":{"@id":"https:\/\/global.razor.com\/de\/razor-kundenbetreuung\/service-und-reparaturzentren-fuer-razor-produkte\/#breadcrumb"},"inLanguage":"de-DE","potentialAction":[{"@type":"ReadAction","target":["https:\/\/global.razor.com\/de\/razor-kundenbetreuung\/service-und-reparaturzentren-fuer-razor-produkte\/"]}]},{"@type":"BreadcrumbList","@id":"https:\/\/global.razor.com\/de\/razor-kundenbetreuung\/service-und-reparaturzentren-fuer-razor-produkte\/#breadcrumb","itemListElement":[{"@type":"ListItem","position":1,"name":"Startseite","item":"https:\/\/global.razor.com\/de\/"},{"@type":"ListItem","position":2,"name":"Razor Kundenbetreuung","item":"https:\/\/global.razor.com\/de\/razor-kundenbetreuung\/"},{"@type":"ListItem","position":3,"name":"Service- und Reparaturzentren f\u00fcr Razor-Produkte"}]},{"@type":"WebSite","@id":"https:\/\/global.razor.com\/de\/#website","url":"https:\/\/global.razor.com\/de\/","name":"Razor - Deutschland","description":"","potentialAction":[{"@type":"SearchAction","target":{"@type":"EntryPoint","urlTemplate":"https:\/\/global.razor.com\/de\/search-results\/?q={search_term_string}"},"query-input":{"@type":"PropertyValueSpecification","valueRequired":true,"valueName":"search_term_string"}}],"inLanguage":"de-DE"}]}},"_links":{"self":[{"href":"https:\/\/global.razor.com\/de\/wp-json\/wp\/v2\/pages\/12202","targetHints":{"allow":["GET"]}}],"collection":[{"href":"https:\/\/global.razor.com\/de\/wp-json\/wp\/v2\/pages"}],"about":[{"href":"https:\/\/global.razor.com\/de\/wp-json\/wp\/v2\/types\/page"}],"author":[{"embeddable":true,"href":"https:\/\/global.razor.com\/de\/wp-json\/wp\/v2\/users\/4"}],"replies":[{"embeddable":true,"href":"https:\/\/global.razor.com\/de\/wp-json\/wp\/v2\/comments?post=12202"}],"version-history":[{"count":0,"href":"https:\/\/global.razor.com\/de\/wp-json\/wp\/v2\/pages\/12202\/revisions"}],"up":[{"embeddable":true,"href":"https:\/\/global.razor.com\/de\/wp-json\/wp\/v2\/pages\/3211"}],"wp:attachment":[{"href":"https:\/\/global.razor.com\/de\/wp-json\/wp\/v2\/media?parent=12202"}],"curies":[{"name":"wp","href":"https:\/\/api.w.org\/{rel}","templated":true}]}}