{"id":3383,"date":"2011-10-31T03:52:18","date_gmt":"2011-10-31T10:52:18","guid":{"rendered":"https:\/\/global.razor.com\/be\/customer-care\/owners-manuals\/"},"modified":"2022-05-09T21:50:50","modified_gmt":"2022-05-09T19:50:50","slug":"manuels-d-utilisation","status":"publish","type":"page","link":"https:\/\/global.razor.com\/be\/service-client\/manuels-d-utilisation\/","title":{"rendered":"Manuels d&rsquo;utilisation"},"content":{"rendered":"<p>Cliquez pour t\u00e9l\u00e9charger le manuel d&rsquo;utilisation de votre produit Razor avant de l&rsquo;essayer. Si vous avez des questions suppl\u00e9mentaires sur votre produit ou sur un manuel d&rsquo;utilisation d&rsquo;un article qui n&rsquo;existe plus, rendez-vous sur Razor assistance pour obtenir de l&rsquo;aide.<\/p>\n","protected":false},"excerpt":{"rendered":"<p>Cliquez pour t\u00e9l\u00e9charger le manuel d&rsquo;utilisation de votre produit Razor avant de l&rsquo;essayer. Si vous avez des questions suppl\u00e9mentaires sur votre produit ou sur un manuel d&rsquo;utilisation d&rsquo;un article qui n&rsquo;existe plus, rendez-vous sur Razor assistance pour obtenir de l&rsquo;aide.<\/p>\n","protected":false},"author":1,"featured_media":0,"parent":3364,"menu_order":0,"comment_status":"closed","ping_status":"open","template":"page-manuals.php","meta":{"_acf_changed":false,"ngg_post_thumbnail":0,"footnotes":""},"class_list":["post-3383","page","type-page","status-publish","hentry"],"acf":[],"yoast_head":"<!-- This site is optimized with the Yoast SEO Premium plugin v22.7 (Yoast SEO v24.8.1) - https:\/\/yoast.com\/wordpress\/plugins\/seo\/ -->\n<title>Manuels d&#039;utilisation - Razor Belgique et Luxembourg<\/title>\n<meta name=\"robots\" content=\"index, follow, max-snippet:-1, max-image-preview:large, max-video-preview:-1\" \/>\n<link rel=\"canonical\" href=\"https:\/\/global.razor.com\/be\/service-client\/manuels-d-utilisation\/\" \/>\n<meta property=\"og:locale\" content=\"fr_FR\" \/>\n<meta property=\"og:type\" content=\"article\" \/>\n<meta property=\"og:title\" content=\"Manuels d&#039;utilisation - Razor Belgique et Luxembourg\" \/>\n<meta property=\"og:description\" content=\"Cliquez pour t\u00e9l\u00e9charger le manuel d&rsquo;utilisation de votre produit Razor avant de l&rsquo;essayer. Si vous avez des questions suppl\u00e9mentaires sur votre produit ou sur un manuel d&rsquo;utilisation d&rsquo;un article qui n&rsquo;existe plus, rendez-vous sur Razor assistance pour obtenir de l&rsquo;aide.\" \/>\n<meta property=\"og:url\" content=\"https:\/\/global.razor.com\/be\/service-client\/manuels-d-utilisation\/\" \/>\n<meta property=\"og:site_name\" content=\"Razor - Belgique et Luxembourg\" \/>\n<meta property=\"article:modified_time\" content=\"2022-05-09T19:50:50+00:00\" \/>\n<meta name=\"twitter:card\" content=\"summary_large_image\" \/>\n<script type=\"application\/ld+json\" class=\"yoast-schema-graph\">{\"@context\":\"https:\/\/schema.org\",\"@graph\":[{\"@type\":\"WebPage\",\"@id\":\"https:\/\/global.razor.com\/be\/service-client\/manuels-d-utilisation\/\",\"url\":\"https:\/\/global.razor.com\/be\/service-client\/manuels-d-utilisation\/\",\"name\":\"Manuels d'utilisation - Razor Belgique et Luxembourg\",\"isPartOf\":{\"@id\":\"https:\/\/global.razor.com\/be\/#website\"},\"datePublished\":\"2011-10-31T10:52:18+00:00\",\"dateModified\":\"2022-05-09T19:50:50+00:00\",\"breadcrumb\":{\"@id\":\"https:\/\/global.razor.com\/be\/service-client\/manuels-d-utilisation\/#breadcrumb\"},\"inLanguage\":\"fr-FR\",\"potentialAction\":[{\"@type\":\"ReadAction\",\"target\":[\"https:\/\/global.razor.com\/be\/service-client\/manuels-d-utilisation\/\"]}]},{\"@type\":\"BreadcrumbList\",\"@id\":\"https:\/\/global.razor.com\/be\/service-client\/manuels-d-utilisation\/#breadcrumb\",\"itemListElement\":[{\"@type\":\"ListItem\",\"position\":1,\"name\":\"Home\",\"item\":\"https:\/\/global.razor.com\/be\/\"},{\"@type\":\"ListItem\",\"position\":2,\"name\":\"Service Client\",\"item\":\"https:\/\/global.razor.com\/be\/service-client\/\"},{\"@type\":\"ListItem\",\"position\":3,\"name\":\"Manuels d&#8217;utilisation\"}]},{\"@type\":\"WebSite\",\"@id\":\"https:\/\/global.razor.com\/be\/#website\",\"url\":\"https:\/\/global.razor.com\/be\/\",\"name\":\"Razor - Belgique et Luxembourg\",\"description\":\"\",\"publisher\":{\"@id\":\"https:\/\/global.razor.com\/be\/#organization\"},\"potentialAction\":[{\"@type\":\"SearchAction\",\"target\":{\"@type\":\"EntryPoint\",\"urlTemplate\":\"https:\/\/global.razor.com\/be\/search-results\/?q={search_term_string}\"},\"query-input\":{\"@type\":\"PropertyValueSpecification\",\"valueRequired\":true,\"valueName\":\"search_term_string\"}}],\"inLanguage\":\"fr-FR\"},{\"@type\":\"Organization\",\"@id\":\"https:\/\/global.razor.com\/be\/#organization\",\"name\":\"Razor - Belgique et Luxembourg\",\"url\":\"https:\/\/global.razor.com\/be\/\",\"logo\":{\"@type\":\"ImageObject\",\"inLanguage\":\"fr-FR\",\"@id\":\"https:\/\/global.razor.com\/be\/#\/schema\/logo\/image\/\",\"url\":\"https:\/\/global.razor.com\/be\/wp-content\/uploads\/sites\/16\/2011\/10\/razorbuzz.jpg\",\"contentUrl\":\"https:\/\/global.razor.com\/be\/wp-content\/uploads\/sites\/16\/2011\/10\/razorbuzz.jpg\",\"width\":200,\"height\":200,\"caption\":\"Razor - Belgique et Luxembourg\"},\"image\":{\"@id\":\"https:\/\/global.razor.com\/be\/#\/schema\/logo\/image\/\"}}]}<\/script>\n<!-- \/ Yoast SEO Premium plugin. -->","yoast_head_json":{"title":"Manuels d'utilisation - Razor Belgique et Luxembourg","robots":{"index":"index","follow":"follow","max-snippet":"max-snippet:-1","max-image-preview":"max-image-preview:large","max-video-preview":"max-video-preview:-1"},"canonical":"https:\/\/global.razor.com\/be\/service-client\/manuels-d-utilisation\/","og_locale":"fr_FR","og_type":"article","og_title":"Manuels d'utilisation - Razor Belgique et Luxembourg","og_description":"Cliquez pour t\u00e9l\u00e9charger le manuel d&rsquo;utilisation de votre produit Razor avant de l&rsquo;essayer. Si vous avez des questions suppl\u00e9mentaires sur votre produit ou sur un manuel d&rsquo;utilisation d&rsquo;un article qui n&rsquo;existe plus, rendez-vous sur Razor assistance pour obtenir de l&rsquo;aide.","og_url":"https:\/\/global.razor.com\/be\/service-client\/manuels-d-utilisation\/","og_site_name":"Razor - Belgique et Luxembourg","article_modified_time":"2022-05-09T19:50:50+00:00","twitter_card":"summary_large_image","schema":{"@context":"https:\/\/schema.org","@graph":[{"@type":"WebPage","@id":"https:\/\/global.razor.com\/be\/service-client\/manuels-d-utilisation\/","url":"https:\/\/global.razor.com\/be\/service-client\/manuels-d-utilisation\/","name":"Manuels d'utilisation - Razor Belgique et Luxembourg","isPartOf":{"@id":"https:\/\/global.razor.com\/be\/#website"},"datePublished":"2011-10-31T10:52:18+00:00","dateModified":"2022-05-09T19:50:50+00:00","breadcrumb":{"@id":"https:\/\/global.razor.com\/be\/service-client\/manuels-d-utilisation\/#breadcrumb"},"inLanguage":"fr-FR","potentialAction":[{"@type":"ReadAction","target":["https:\/\/global.razor.com\/be\/service-client\/manuels-d-utilisation\/"]}]},{"@type":"BreadcrumbList","@id":"https:\/\/global.razor.com\/be\/service-client\/manuels-d-utilisation\/#breadcrumb","itemListElement":[{"@type":"ListItem","position":1,"name":"Home","item":"https:\/\/global.razor.com\/be\/"},{"@type":"ListItem","position":2,"name":"Service Client","item":"https:\/\/global.razor.com\/be\/service-client\/"},{"@type":"ListItem","position":3,"name":"Manuels d&#8217;utilisation"}]},{"@type":"WebSite","@id":"https:\/\/global.razor.com\/be\/#website","url":"https:\/\/global.razor.com\/be\/","name":"Razor - Belgique et Luxembourg","description":"","publisher":{"@id":"https:\/\/global.razor.com\/be\/#organization"},"potentialAction":[{"@type":"SearchAction","target":{"@type":"EntryPoint","urlTemplate":"https:\/\/global.razor.com\/be\/search-results\/?q={search_term_string}"},"query-input":{"@type":"PropertyValueSpecification","valueRequired":true,"valueName":"search_term_string"}}],"inLanguage":"fr-FR"},{"@type":"Organization","@id":"https:\/\/global.razor.com\/be\/#organization","name":"Razor - Belgique et Luxembourg","url":"https:\/\/global.razor.com\/be\/","logo":{"@type":"ImageObject","inLanguage":"fr-FR","@id":"https:\/\/global.razor.com\/be\/#\/schema\/logo\/image\/","url":"https:\/\/global.razor.com\/be\/wp-content\/uploads\/sites\/16\/2011\/10\/razorbuzz.jpg","contentUrl":"https:\/\/global.razor.com\/be\/wp-content\/uploads\/sites\/16\/2011\/10\/razorbuzz.jpg","width":200,"height":200,"caption":"Razor - Belgique et Luxembourg"},"image":{"@id":"https:\/\/global.razor.com\/be\/#\/schema\/logo\/image\/"}}]}},"_links":{"self":[{"href":"https:\/\/global.razor.com\/be\/wp-json\/wp\/v2\/pages\/3383","targetHints":{"allow":["GET"]}}],"collection":[{"href":"https:\/\/global.razor.com\/be\/wp-json\/wp\/v2\/pages"}],"about":[{"href":"https:\/\/global.razor.com\/be\/wp-json\/wp\/v2\/types\/page"}],"author":[{"embeddable":true,"href":"https:\/\/global.razor.com\/be\/wp-json\/wp\/v2\/users\/1"}],"replies":[{"embeddable":true,"href":"https:\/\/global.razor.com\/be\/wp-json\/wp\/v2\/comments?post=3383"}],"version-history":[{"count":0,"href":"https:\/\/global.razor.com\/be\/wp-json\/wp\/v2\/pages\/3383\/revisions"}],"up":[{"embeddable":true,"href":"https:\/\/global.razor.com\/be\/wp-json\/wp\/v2\/pages\/3364"}],"wp:attachment":[{"href":"https:\/\/global.razor.com\/be\/wp-json\/wp\/v2\/media?parent=3383"}],"curies":[{"name":"wp","href":"https:\/\/api.w.org\/{rel}","templated":true}]}}