{"id":3378,"date":"2011-11-01T04:08:06","date_gmt":"2011-11-01T11:08:06","guid":{"rendered":"https:\/\/global.razor.com\/be\/where-to-buy-2\/"},"modified":"2022-05-10T00:30:37","modified_gmt":"2022-05-09T22:30:37","slug":"ou-acheter-les-produits-razor","status":"publish","type":"page","link":"https:\/\/global.razor.com\/be\/ou-acheter-les-produits-razor\/","title":{"rendered":"O\u00f9 acheter les produits Razor?"},"content":{"rendered":"<section class=\"wtb-vendors online\">\n<div class=\"container-xxl\">\n<div class=\"row\">\n<div class=\"col-12\">\n<h2 class=\"mb-4\">Pi\u00e8ces de rechange autoris\u00e9es<\/h2>\n<\/div>\n<\/div>\n<div class=\"row\">\n<div class=\"col-12 col-md-2 pb-4 pe-4\">\n<a href=\"https:\/\/www.1080riders.com\/\"><img loading=\"lazy\" decoding=\"async\" class=\"img-fluid\" src=\"\/uk\/wp-content\/uploads\/sites\/2\/2020\/07\/razor-1080-Riders-logo.png\" alt=\"1080 Riders Logo\" width=\"79\" height=\"45\" \/><\/a>\n<\/div>\n<div class=\"col-12 col-md-auto\">\n<p><a href=\"https:\/\/www.1080riders.com\/\" rel=\"noopener noreferrer\" target=\"_blank\">https:\/\/www.1080riders.com\/<\/a><br \/>\n<a href=\"mailto:sales@1080riders.com\">sales@1080riders.com<\/a><\/p>\n<\/div>\n<\/div>\n<\/div>\n<\/section>\n","protected":false},"excerpt":{"rendered":"<p>Pi\u00e8ces de rechange autoris\u00e9es https:\/\/www.1080riders.com\/ sales@1080riders.com<\/p>\n","protected":false},"author":1,"featured_media":0,"parent":0,"menu_order":0,"comment_status":"closed","ping_status":"closed","template":"page-where-to-buy.php","meta":{"_acf_changed":false,"ngg_post_thumbnail":0,"footnotes":""},"class_list":["post-3378","page","type-page","status-publish","hentry"],"acf":[],"yoast_head":"<!-- This site is optimized with the Yoast SEO Premium plugin v22.7 (Yoast SEO v24.8.1) - https:\/\/yoast.com\/wordpress\/plugins\/seo\/ -->\n<title>O\u00f9 acheter les produits Razor en Belgique et Luxembourg<\/title>\n<meta name=\"description\" content=\"Les produits Razor sont disponibles sur les sites autoris\u00e9s \u00e0 la vente, aussi bien en ligne qu&#039;en magasin. Les produits et les couleurs varient d&#039;un magasin \u00e0 l&#039;autre et selon les sites, v\u00e9rifiez donc la disponibilit\u00e9 de l&#039;article que vous d\u00e9sirez.\" \/>\n<meta name=\"robots\" content=\"index, follow, max-snippet:-1, max-image-preview:large, max-video-preview:-1\" \/>\n<link rel=\"canonical\" href=\"https:\/\/global.razor.com\/be\/ou-acheter-les-produits-razor\/\" \/>\n<meta property=\"og:locale\" content=\"fr_FR\" \/>\n<meta property=\"og:type\" content=\"article\" \/>\n<meta property=\"og:title\" content=\"O\u00f9 acheter les produits Razor en Belgique et Luxembourg\" \/>\n<meta property=\"og:description\" content=\"Les produits Razor sont disponibles sur les sites autoris\u00e9s \u00e0 la vente, aussi bien en ligne qu&#039;en magasin. Les produits et les couleurs varient d&#039;un magasin \u00e0 l&#039;autre et selon les sites, v\u00e9rifiez donc la disponibilit\u00e9 de l&#039;article que vous d\u00e9sirez.\" \/>\n<meta property=\"og:url\" content=\"https:\/\/global.razor.com\/be\/ou-acheter-les-produits-razor\/\" \/>\n<meta property=\"og:site_name\" content=\"Razor - Belgique et Luxembourg\" \/>\n<meta property=\"article:modified_time\" content=\"2022-05-09T22:30:37+00:00\" \/>\n<meta name=\"twitter:card\" content=\"summary_large_image\" \/>\n<script type=\"application\/ld+json\" class=\"yoast-schema-graph\">{\"@context\":\"https:\/\/schema.org\",\"@graph\":[{\"@type\":\"WebPage\",\"@id\":\"https:\/\/global.razor.com\/be\/ou-acheter-les-produits-razor\/\",\"url\":\"https:\/\/global.razor.com\/be\/ou-acheter-les-produits-razor\/\",\"name\":\"O\u00f9 acheter les produits Razor en Belgique et Luxembourg\",\"isPartOf\":{\"@id\":\"https:\/\/global.razor.com\/be\/#website\"},\"datePublished\":\"2011-11-01T11:08:06+00:00\",\"dateModified\":\"2022-05-09T22:30:37+00:00\",\"description\":\"Les produits Razor sont disponibles sur les sites autoris\u00e9s \u00e0 la vente, aussi bien en ligne qu'en magasin. Les produits et les couleurs varient d'un magasin \u00e0 l'autre et selon les sites, v\u00e9rifiez donc la disponibilit\u00e9 de l'article que vous d\u00e9sirez.\",\"breadcrumb\":{\"@id\":\"https:\/\/global.razor.com\/be\/ou-acheter-les-produits-razor\/#breadcrumb\"},\"inLanguage\":\"fr-FR\",\"potentialAction\":[{\"@type\":\"ReadAction\",\"target\":[\"https:\/\/global.razor.com\/be\/ou-acheter-les-produits-razor\/\"]}]},{\"@type\":\"BreadcrumbList\",\"@id\":\"https:\/\/global.razor.com\/be\/ou-acheter-les-produits-razor\/#breadcrumb\",\"itemListElement\":[{\"@type\":\"ListItem\",\"position\":1,\"name\":\"Home\",\"item\":\"https:\/\/global.razor.com\/be\/\"},{\"@type\":\"ListItem\",\"position\":2,\"name\":\"O\u00f9 acheter les produits Razor?\"}]},{\"@type\":\"WebSite\",\"@id\":\"https:\/\/global.razor.com\/be\/#website\",\"url\":\"https:\/\/global.razor.com\/be\/\",\"name\":\"Razor - Belgique et Luxembourg\",\"description\":\"\",\"publisher\":{\"@id\":\"https:\/\/global.razor.com\/be\/#organization\"},\"potentialAction\":[{\"@type\":\"SearchAction\",\"target\":{\"@type\":\"EntryPoint\",\"urlTemplate\":\"https:\/\/global.razor.com\/be\/search-results\/?q={search_term_string}\"},\"query-input\":{\"@type\":\"PropertyValueSpecification\",\"valueRequired\":true,\"valueName\":\"search_term_string\"}}],\"inLanguage\":\"fr-FR\"},{\"@type\":\"Organization\",\"@id\":\"https:\/\/global.razor.com\/be\/#organization\",\"name\":\"Razor - Belgique et Luxembourg\",\"url\":\"https:\/\/global.razor.com\/be\/\",\"logo\":{\"@type\":\"ImageObject\",\"inLanguage\":\"fr-FR\",\"@id\":\"https:\/\/global.razor.com\/be\/#\/schema\/logo\/image\/\",\"url\":\"https:\/\/global.razor.com\/be\/wp-content\/uploads\/sites\/16\/2011\/10\/razorbuzz.jpg\",\"contentUrl\":\"https:\/\/global.razor.com\/be\/wp-content\/uploads\/sites\/16\/2011\/10\/razorbuzz.jpg\",\"width\":200,\"height\":200,\"caption\":\"Razor - Belgique et Luxembourg\"},\"image\":{\"@id\":\"https:\/\/global.razor.com\/be\/#\/schema\/logo\/image\/\"}}]}<\/script>\n<!-- \/ Yoast SEO Premium plugin. -->","yoast_head_json":{"title":"O\u00f9 acheter les produits Razor en Belgique et Luxembourg","description":"Les produits Razor sont disponibles sur les sites autoris\u00e9s \u00e0 la vente, aussi bien en ligne qu'en magasin. Les produits et les couleurs varient d'un magasin \u00e0 l'autre et selon les sites, v\u00e9rifiez donc la disponibilit\u00e9 de l'article que vous d\u00e9sirez.","robots":{"index":"index","follow":"follow","max-snippet":"max-snippet:-1","max-image-preview":"max-image-preview:large","max-video-preview":"max-video-preview:-1"},"canonical":"https:\/\/global.razor.com\/be\/ou-acheter-les-produits-razor\/","og_locale":"fr_FR","og_type":"article","og_title":"O\u00f9 acheter les produits Razor en Belgique et Luxembourg","og_description":"Les produits Razor sont disponibles sur les sites autoris\u00e9s \u00e0 la vente, aussi bien en ligne qu'en magasin. Les produits et les couleurs varient d'un magasin \u00e0 l'autre et selon les sites, v\u00e9rifiez donc la disponibilit\u00e9 de l'article que vous d\u00e9sirez.","og_url":"https:\/\/global.razor.com\/be\/ou-acheter-les-produits-razor\/","og_site_name":"Razor - Belgique et Luxembourg","article_modified_time":"2022-05-09T22:30:37+00:00","twitter_card":"summary_large_image","schema":{"@context":"https:\/\/schema.org","@graph":[{"@type":"WebPage","@id":"https:\/\/global.razor.com\/be\/ou-acheter-les-produits-razor\/","url":"https:\/\/global.razor.com\/be\/ou-acheter-les-produits-razor\/","name":"O\u00f9 acheter les produits Razor en Belgique et Luxembourg","isPartOf":{"@id":"https:\/\/global.razor.com\/be\/#website"},"datePublished":"2011-11-01T11:08:06+00:00","dateModified":"2022-05-09T22:30:37+00:00","description":"Les produits Razor sont disponibles sur les sites autoris\u00e9s \u00e0 la vente, aussi bien en ligne qu'en magasin. Les produits et les couleurs varient d'un magasin \u00e0 l'autre et selon les sites, v\u00e9rifiez donc la disponibilit\u00e9 de l'article que vous d\u00e9sirez.","breadcrumb":{"@id":"https:\/\/global.razor.com\/be\/ou-acheter-les-produits-razor\/#breadcrumb"},"inLanguage":"fr-FR","potentialAction":[{"@type":"ReadAction","target":["https:\/\/global.razor.com\/be\/ou-acheter-les-produits-razor\/"]}]},{"@type":"BreadcrumbList","@id":"https:\/\/global.razor.com\/be\/ou-acheter-les-produits-razor\/#breadcrumb","itemListElement":[{"@type":"ListItem","position":1,"name":"Home","item":"https:\/\/global.razor.com\/be\/"},{"@type":"ListItem","position":2,"name":"O\u00f9 acheter les produits Razor?"}]},{"@type":"WebSite","@id":"https:\/\/global.razor.com\/be\/#website","url":"https:\/\/global.razor.com\/be\/","name":"Razor - Belgique et Luxembourg","description":"","publisher":{"@id":"https:\/\/global.razor.com\/be\/#organization"},"potentialAction":[{"@type":"SearchAction","target":{"@type":"EntryPoint","urlTemplate":"https:\/\/global.razor.com\/be\/search-results\/?q={search_term_string}"},"query-input":{"@type":"PropertyValueSpecification","valueRequired":true,"valueName":"search_term_string"}}],"inLanguage":"fr-FR"},{"@type":"Organization","@id":"https:\/\/global.razor.com\/be\/#organization","name":"Razor - Belgique et Luxembourg","url":"https:\/\/global.razor.com\/be\/","logo":{"@type":"ImageObject","inLanguage":"fr-FR","@id":"https:\/\/global.razor.com\/be\/#\/schema\/logo\/image\/","url":"https:\/\/global.razor.com\/be\/wp-content\/uploads\/sites\/16\/2011\/10\/razorbuzz.jpg","contentUrl":"https:\/\/global.razor.com\/be\/wp-content\/uploads\/sites\/16\/2011\/10\/razorbuzz.jpg","width":200,"height":200,"caption":"Razor - Belgique et Luxembourg"},"image":{"@id":"https:\/\/global.razor.com\/be\/#\/schema\/logo\/image\/"}}]}},"_links":{"self":[{"href":"https:\/\/global.razor.com\/be\/wp-json\/wp\/v2\/pages\/3378","targetHints":{"allow":["GET"]}}],"collection":[{"href":"https:\/\/global.razor.com\/be\/wp-json\/wp\/v2\/pages"}],"about":[{"href":"https:\/\/global.razor.com\/be\/wp-json\/wp\/v2\/types\/page"}],"author":[{"embeddable":true,"href":"https:\/\/global.razor.com\/be\/wp-json\/wp\/v2\/users\/1"}],"replies":[{"embeddable":true,"href":"https:\/\/global.razor.com\/be\/wp-json\/wp\/v2\/comments?post=3378"}],"version-history":[{"count":0,"href":"https:\/\/global.razor.com\/be\/wp-json\/wp\/v2\/pages\/3378\/revisions"}],"wp:attachment":[{"href":"https:\/\/global.razor.com\/be\/wp-json\/wp\/v2\/media?parent=3378"}],"curies":[{"name":"wp","href":"https:\/\/api.w.org\/{rel}","templated":true}]}}