{"id":12201,"date":"2022-05-07T00:53:53","date_gmt":"2022-05-06T22:53:53","guid":{"rendered":"https:\/\/global.razor.com\/be\/?page_id=12201"},"modified":"2023-04-25T23:20:41","modified_gmt":"2023-04-25T21:20:41","slug":"service-apres-vente-et-centres-de-reparation-pour-les-produits-razor","status":"publish","type":"page","link":"https:\/\/global.razor.com\/be\/service-client\/service-apres-vente-et-centres-de-reparation-pour-les-produits-razor\/","title":{"rendered":"Service apr\u00e8s-vente et centres de r\u00e9paration pour les produits Razor"},"content":{"rendered":"<ul>\n<li>Fournir \u00e0 la fois des r\u00e9parations sous garantie et hors garantie<\/li>\n<li>Aide et conseils sur le fonctionnement de votre produit<\/li>\n<li>Conseils sur les mises \u00e0 niveau des trottinettes de la s\u00e9rie<\/li>\n<\/ul>\n<p>Pro Pour toutes les demandes d\u2019apr\u00e8s-vente, veuillez contacter notre France centre d&rsquo;assistance \u00e0 l\u2019adresse suivante <a href=\"mailto:help@razoreu.com\">help@razoreu.com<\/a>.<br \/>\n&nbsp;<br \/>\n<em>*Veuillez avoir sous la main le nom du produit, le num\u00e9ro de s\u00e9rie, la preuve d&rsquo;achat et toute description du probl\u00e8me afin que nous puissions vous aider le plus rapidement possible.<\/em><\/p>\n","protected":false},"excerpt":{"rendered":"<p>Fournir \u00e0 la fois des r\u00e9parations sous garantie et hors garantie Aide et conseils sur le fonctionnement de votre produit Conseils sur les mises \u00e0 niveau des trottinettes de la s\u00e9rie Pro Pour toutes les demandes d\u2019apr\u00e8s-vente, veuillez contacter notre France centre d&rsquo;assistance \u00e0 l\u2019adresse suivante help@razoreu.com. &nbsp; *Veuillez avoir sous la main le nom&#8230;  <a class=\"excerpt-read-more\" href=\"https:\/\/global.razor.com\/be\/service-client\/service-apres-vente-et-centres-de-reparation-pour-les-produits-razor\/\" title=\"ReadService apr\u00e8s-vente et centres de r\u00e9paration pour les produits Razor\">Read more &raquo;<\/a><\/p>\n","protected":false},"author":4,"featured_media":862,"parent":3364,"menu_order":0,"comment_status":"closed","ping_status":"closed","template":"","meta":{"_acf_changed":false,"ngg_post_thumbnail":0,"footnotes":""},"class_list":["post-12201","page","type-page","status-publish","has-post-thumbnail","hentry"],"acf":[],"yoast_head":"<!-- This site is optimized with the Yoast SEO Premium plugin v22.7 (Yoast SEO v24.8.1) - https:\/\/yoast.com\/wordpress\/plugins\/seo\/ -->\n<title>Service apr\u00e8s-vente et centres de r\u00e9paration pour les produits Razor - Razor - Belgique et Luxembourg<\/title>\n<meta name=\"robots\" content=\"index, follow, max-snippet:-1, max-image-preview:large, max-video-preview:-1\" \/>\n<link rel=\"canonical\" href=\"https:\/\/global.razor.com\/be\/service-client\/service-apres-vente-et-centres-de-reparation-pour-les-produits-razor\/\" \/>\n<meta property=\"og:locale\" content=\"fr_FR\" \/>\n<meta property=\"og:type\" content=\"article\" \/>\n<meta property=\"og:title\" content=\"Service apr\u00e8s-vente et centres de r\u00e9paration pour les produits Razor - Razor - Belgique et Luxembourg\" \/>\n<meta property=\"og:description\" content=\"Fournir \u00e0 la fois des r\u00e9parations sous garantie et hors garantie Aide et conseils sur le fonctionnement de votre produit Conseils sur les mises \u00e0 niveau des trottinettes de la s\u00e9rie Pro Pour toutes les demandes d\u2019apr\u00e8s-vente, veuillez contacter notre France centre d&rsquo;assistance \u00e0 l\u2019adresse suivante help@razoreu.com. &nbsp; *Veuillez avoir sous la main le nom... Read more &raquo;\" \/>\n<meta property=\"og:url\" content=\"https:\/\/global.razor.com\/be\/service-client\/service-apres-vente-et-centres-de-reparation-pour-les-produits-razor\/\" \/>\n<meta property=\"og:site_name\" content=\"Razor - Belgique et Luxembourg\" \/>\n<meta property=\"article:modified_time\" content=\"2023-04-25T21:20:41+00:00\" \/>\n<meta property=\"og:image\" content=\"https:\/\/global.razor.com\/be\/wp-content\/uploads\/sites\/16\/2011\/10\/razorbuzz.jpg\" \/>\n\t<meta property=\"og:image:width\" content=\"200\" \/>\n\t<meta property=\"og:image:height\" content=\"200\" \/>\n\t<meta property=\"og:image:type\" content=\"image\/jpeg\" \/>\n<meta name=\"twitter:card\" content=\"summary_large_image\" \/>\n<meta name=\"twitter:label1\" content=\"Dur\u00e9e de lecture estim\u00e9e\" \/>\n\t<meta name=\"twitter:data1\" content=\"1 minute\" \/>\n<script type=\"application\/ld+json\" class=\"yoast-schema-graph\">{\"@context\":\"https:\/\/schema.org\",\"@graph\":[{\"@type\":\"WebPage\",\"@id\":\"https:\/\/global.razor.com\/be\/service-client\/service-apres-vente-et-centres-de-reparation-pour-les-produits-razor\/\",\"url\":\"https:\/\/global.razor.com\/be\/service-client\/service-apres-vente-et-centres-de-reparation-pour-les-produits-razor\/\",\"name\":\"Service apr\u00e8s-vente et centres de r\u00e9paration pour les produits Razor - Razor - Belgique et Luxembourg\",\"isPartOf\":{\"@id\":\"https:\/\/global.razor.com\/be\/#website\"},\"primaryImageOfPage\":{\"@id\":\"https:\/\/global.razor.com\/be\/service-client\/service-apres-vente-et-centres-de-reparation-pour-les-produits-razor\/#primaryimage\"},\"image\":{\"@id\":\"https:\/\/global.razor.com\/be\/service-client\/service-apres-vente-et-centres-de-reparation-pour-les-produits-razor\/#primaryimage\"},\"thumbnailUrl\":\"https:\/\/global.razor.com\/be\/wp-content\/uploads\/sites\/16\/2011\/10\/razorbuzz.jpg\",\"datePublished\":\"2022-05-06T22:53:53+00:00\",\"dateModified\":\"2023-04-25T21:20:41+00:00\",\"breadcrumb\":{\"@id\":\"https:\/\/global.razor.com\/be\/service-client\/service-apres-vente-et-centres-de-reparation-pour-les-produits-razor\/#breadcrumb\"},\"inLanguage\":\"fr-FR\",\"potentialAction\":[{\"@type\":\"ReadAction\",\"target\":[\"https:\/\/global.razor.com\/be\/service-client\/service-apres-vente-et-centres-de-reparation-pour-les-produits-razor\/\"]}]},{\"@type\":\"ImageObject\",\"inLanguage\":\"fr-FR\",\"@id\":\"https:\/\/global.razor.com\/be\/service-client\/service-apres-vente-et-centres-de-reparation-pour-les-produits-razor\/#primaryimage\",\"url\":\"https:\/\/global.razor.com\/be\/wp-content\/uploads\/sites\/16\/2011\/10\/razorbuzz.jpg\",\"contentUrl\":\"https:\/\/global.razor.com\/be\/wp-content\/uploads\/sites\/16\/2011\/10\/razorbuzz.jpg\",\"width\":200,\"height\":200,\"caption\":\"Razor\u00ae USA\"},{\"@type\":\"BreadcrumbList\",\"@id\":\"https:\/\/global.razor.com\/be\/service-client\/service-apres-vente-et-centres-de-reparation-pour-les-produits-razor\/#breadcrumb\",\"itemListElement\":[{\"@type\":\"ListItem\",\"position\":1,\"name\":\"Home\",\"item\":\"https:\/\/global.razor.com\/be\/\"},{\"@type\":\"ListItem\",\"position\":2,\"name\":\"Service Client\",\"item\":\"https:\/\/global.razor.com\/be\/service-client\/\"},{\"@type\":\"ListItem\",\"position\":3,\"name\":\"Service apr\u00e8s-vente et centres de r\u00e9paration pour les produits Razor\"}]},{\"@type\":\"WebSite\",\"@id\":\"https:\/\/global.razor.com\/be\/#website\",\"url\":\"https:\/\/global.razor.com\/be\/\",\"name\":\"Razor - Belgique et Luxembourg\",\"description\":\"\",\"publisher\":{\"@id\":\"https:\/\/global.razor.com\/be\/#organization\"},\"potentialAction\":[{\"@type\":\"SearchAction\",\"target\":{\"@type\":\"EntryPoint\",\"urlTemplate\":\"https:\/\/global.razor.com\/be\/search-results\/?q={search_term_string}\"},\"query-input\":{\"@type\":\"PropertyValueSpecification\",\"valueRequired\":true,\"valueName\":\"search_term_string\"}}],\"inLanguage\":\"fr-FR\"},{\"@type\":\"Organization\",\"@id\":\"https:\/\/global.razor.com\/be\/#organization\",\"name\":\"Razor - Belgique et Luxembourg\",\"url\":\"https:\/\/global.razor.com\/be\/\",\"logo\":{\"@type\":\"ImageObject\",\"inLanguage\":\"fr-FR\",\"@id\":\"https:\/\/global.razor.com\/be\/#\/schema\/logo\/image\/\",\"url\":\"https:\/\/global.razor.com\/be\/wp-content\/uploads\/sites\/16\/2011\/10\/razorbuzz.jpg\",\"contentUrl\":\"https:\/\/global.razor.com\/be\/wp-content\/uploads\/sites\/16\/2011\/10\/razorbuzz.jpg\",\"width\":200,\"height\":200,\"caption\":\"Razor - Belgique et Luxembourg\"},\"image\":{\"@id\":\"https:\/\/global.razor.com\/be\/#\/schema\/logo\/image\/\"}}]}<\/script>\n<!-- \/ Yoast SEO Premium plugin. -->","yoast_head_json":{"title":"Service apr\u00e8s-vente et centres de r\u00e9paration pour les produits Razor - Razor - Belgique et Luxembourg","robots":{"index":"index","follow":"follow","max-snippet":"max-snippet:-1","max-image-preview":"max-image-preview:large","max-video-preview":"max-video-preview:-1"},"canonical":"https:\/\/global.razor.com\/be\/service-client\/service-apres-vente-et-centres-de-reparation-pour-les-produits-razor\/","og_locale":"fr_FR","og_type":"article","og_title":"Service apr\u00e8s-vente et centres de r\u00e9paration pour les produits Razor - Razor - Belgique et Luxembourg","og_description":"Fournir \u00e0 la fois des r\u00e9parations sous garantie et hors garantie Aide et conseils sur le fonctionnement de votre produit Conseils sur les mises \u00e0 niveau des trottinettes de la s\u00e9rie Pro Pour toutes les demandes d\u2019apr\u00e8s-vente, veuillez contacter notre France centre d&rsquo;assistance \u00e0 l\u2019adresse suivante help@razoreu.com. &nbsp; *Veuillez avoir sous la main le nom... Read more &raquo;","og_url":"https:\/\/global.razor.com\/be\/service-client\/service-apres-vente-et-centres-de-reparation-pour-les-produits-razor\/","og_site_name":"Razor - Belgique et Luxembourg","article_modified_time":"2023-04-25T21:20:41+00:00","og_image":[{"width":200,"height":200,"url":"https:\/\/global.razor.com\/be\/wp-content\/uploads\/sites\/16\/2011\/10\/razorbuzz.jpg","type":"image\/jpeg"}],"twitter_card":"summary_large_image","twitter_misc":{"Dur\u00e9e de lecture estim\u00e9e":"1 minute"},"schema":{"@context":"https:\/\/schema.org","@graph":[{"@type":"WebPage","@id":"https:\/\/global.razor.com\/be\/service-client\/service-apres-vente-et-centres-de-reparation-pour-les-produits-razor\/","url":"https:\/\/global.razor.com\/be\/service-client\/service-apres-vente-et-centres-de-reparation-pour-les-produits-razor\/","name":"Service apr\u00e8s-vente et centres de r\u00e9paration pour les produits Razor - Razor - Belgique et Luxembourg","isPartOf":{"@id":"https:\/\/global.razor.com\/be\/#website"},"primaryImageOfPage":{"@id":"https:\/\/global.razor.com\/be\/service-client\/service-apres-vente-et-centres-de-reparation-pour-les-produits-razor\/#primaryimage"},"image":{"@id":"https:\/\/global.razor.com\/be\/service-client\/service-apres-vente-et-centres-de-reparation-pour-les-produits-razor\/#primaryimage"},"thumbnailUrl":"https:\/\/global.razor.com\/be\/wp-content\/uploads\/sites\/16\/2011\/10\/razorbuzz.jpg","datePublished":"2022-05-06T22:53:53+00:00","dateModified":"2023-04-25T21:20:41+00:00","breadcrumb":{"@id":"https:\/\/global.razor.com\/be\/service-client\/service-apres-vente-et-centres-de-reparation-pour-les-produits-razor\/#breadcrumb"},"inLanguage":"fr-FR","potentialAction":[{"@type":"ReadAction","target":["https:\/\/global.razor.com\/be\/service-client\/service-apres-vente-et-centres-de-reparation-pour-les-produits-razor\/"]}]},{"@type":"ImageObject","inLanguage":"fr-FR","@id":"https:\/\/global.razor.com\/be\/service-client\/service-apres-vente-et-centres-de-reparation-pour-les-produits-razor\/#primaryimage","url":"https:\/\/global.razor.com\/be\/wp-content\/uploads\/sites\/16\/2011\/10\/razorbuzz.jpg","contentUrl":"https:\/\/global.razor.com\/be\/wp-content\/uploads\/sites\/16\/2011\/10\/razorbuzz.jpg","width":200,"height":200,"caption":"Razor\u00ae USA"},{"@type":"BreadcrumbList","@id":"https:\/\/global.razor.com\/be\/service-client\/service-apres-vente-et-centres-de-reparation-pour-les-produits-razor\/#breadcrumb","itemListElement":[{"@type":"ListItem","position":1,"name":"Home","item":"https:\/\/global.razor.com\/be\/"},{"@type":"ListItem","position":2,"name":"Service Client","item":"https:\/\/global.razor.com\/be\/service-client\/"},{"@type":"ListItem","position":3,"name":"Service apr\u00e8s-vente et centres de r\u00e9paration pour les produits Razor"}]},{"@type":"WebSite","@id":"https:\/\/global.razor.com\/be\/#website","url":"https:\/\/global.razor.com\/be\/","name":"Razor - Belgique et Luxembourg","description":"","publisher":{"@id":"https:\/\/global.razor.com\/be\/#organization"},"potentialAction":[{"@type":"SearchAction","target":{"@type":"EntryPoint","urlTemplate":"https:\/\/global.razor.com\/be\/search-results\/?q={search_term_string}"},"query-input":{"@type":"PropertyValueSpecification","valueRequired":true,"valueName":"search_term_string"}}],"inLanguage":"fr-FR"},{"@type":"Organization","@id":"https:\/\/global.razor.com\/be\/#organization","name":"Razor - Belgique et Luxembourg","url":"https:\/\/global.razor.com\/be\/","logo":{"@type":"ImageObject","inLanguage":"fr-FR","@id":"https:\/\/global.razor.com\/be\/#\/schema\/logo\/image\/","url":"https:\/\/global.razor.com\/be\/wp-content\/uploads\/sites\/16\/2011\/10\/razorbuzz.jpg","contentUrl":"https:\/\/global.razor.com\/be\/wp-content\/uploads\/sites\/16\/2011\/10\/razorbuzz.jpg","width":200,"height":200,"caption":"Razor - Belgique et Luxembourg"},"image":{"@id":"https:\/\/global.razor.com\/be\/#\/schema\/logo\/image\/"}}]}},"_links":{"self":[{"href":"https:\/\/global.razor.com\/be\/wp-json\/wp\/v2\/pages\/12201","targetHints":{"allow":["GET"]}}],"collection":[{"href":"https:\/\/global.razor.com\/be\/wp-json\/wp\/v2\/pages"}],"about":[{"href":"https:\/\/global.razor.com\/be\/wp-json\/wp\/v2\/types\/page"}],"author":[{"embeddable":true,"href":"https:\/\/global.razor.com\/be\/wp-json\/wp\/v2\/users\/4"}],"replies":[{"embeddable":true,"href":"https:\/\/global.razor.com\/be\/wp-json\/wp\/v2\/comments?post=12201"}],"version-history":[{"count":0,"href":"https:\/\/global.razor.com\/be\/wp-json\/wp\/v2\/pages\/12201\/revisions"}],"up":[{"embeddable":true,"href":"https:\/\/global.razor.com\/be\/wp-json\/wp\/v2\/pages\/3364"}],"wp:featuredmedia":[{"embeddable":true,"href":"https:\/\/global.razor.com\/be\/wp-json\/wp\/v2\/media\/862"}],"wp:attachment":[{"href":"https:\/\/global.razor.com\/be\/wp-json\/wp\/v2\/media?parent=12201"}],"curies":[{"name":"wp","href":"https:\/\/api.w.org\/{rel}","templated":true}]}}