{"id":12199,"date":"2022-05-07T00:49:06","date_gmt":"2022-05-06T22:49:06","guid":{"rendered":"https:\/\/global.razor.com\/be\/?page_id=12199"},"modified":"2023-04-25T23:19:43","modified_gmt":"2023-04-25T21:19:43","slug":"videos-du-service-client","status":"publish","type":"page","link":"https:\/\/global.razor.com\/be\/service-client\/videos-du-service-client\/","title":{"rendered":"Vid\u00e9os du service client"},"content":{"rendered":"<p>Nos vid\u00e9os instructives couvrent tout, du montage aux r\u00e9parations et aux remplacements de pi\u00e8ces, elles vous aident en indiquant de nombreuses solutions et en r\u00e9pondant aux questions les plus courantes. <a href=\"https:\/\/www.youtube.com\/playlist?list=PLj3dvnBdkgXLieg-HNFGLscbxmzX_nQqA\" target=\"_blank\" rel=\"noopener noreferrer\">Consultez la liste de lecture ici ou rendez-vous<\/a> sur la cha\u00eene YouTube <a href=\"https:\/\/www.youtube.com\/channel\/UCE9jk-gsxNRmqleJ_rmxztQ\" target=\"_blank\" rel=\"noopener noreferrer\">Razor Worldwide<\/a> pour voir la collection compl\u00e8te.<\/p>\n<p class=\"text-center text-md-start\"><a class=\"btn-grad btn-grad-na btn-customer mb-4 mb-md-0\" href=\"https:\/\/www.youtube.com\/playlist?list=PLj3dvnBdkgXLieg-HNFGLscbxmzX_nQqA\" target=\"_blank\" rel=\"noopener noreferrer\">Regarder les vid\u00e9os d&rsquo;assistance<\/a><\/p>\n","protected":false},"excerpt":{"rendered":"<p>Nos vid\u00e9os instructives couvrent tout, du montage aux r\u00e9parations et aux remplacements de pi\u00e8ces, elles vous aident en indiquant de nombreuses solutions et en r\u00e9pondant aux questions les plus courantes. Consultez la liste de lecture ici ou rendez-vous sur la cha\u00eene YouTube Razor Worldwide pour voir la collection compl\u00e8te. Regarder les vid\u00e9os d&rsquo;assistance<\/p>\n","protected":false},"author":4,"featured_media":862,"parent":3364,"menu_order":0,"comment_status":"closed","ping_status":"closed","template":"page-customer-videos.php","meta":{"_acf_changed":false,"ngg_post_thumbnail":0,"footnotes":""},"class_list":["post-12199","page","type-page","status-publish","has-post-thumbnail","hentry"],"acf":[],"yoast_head":"<!-- This site is optimized with the Yoast SEO Premium plugin v22.7 (Yoast SEO v24.8.1) - https:\/\/yoast.com\/wordpress\/plugins\/seo\/ -->\n<title>Vid\u00e9os du service client - Razor - Belgique et Luxembourg<\/title>\n<meta name=\"robots\" content=\"index, follow, max-snippet:-1, max-image-preview:large, max-video-preview:-1\" \/>\n<link rel=\"canonical\" href=\"https:\/\/global.razor.com\/be\/service-client\/videos-du-service-client\/\" \/>\n<meta property=\"og:locale\" content=\"fr_FR\" \/>\n<meta property=\"og:type\" content=\"article\" \/>\n<meta property=\"og:title\" content=\"Vid\u00e9os du service client - Razor - Belgique et Luxembourg\" \/>\n<meta property=\"og:description\" content=\"Nos vid\u00e9os instructives couvrent tout, du montage aux r\u00e9parations et aux remplacements de pi\u00e8ces, elles vous aident en indiquant de nombreuses solutions et en r\u00e9pondant aux questions les plus courantes. Consultez la liste de lecture ici ou rendez-vous sur la cha\u00eene YouTube Razor Worldwide pour voir la collection compl\u00e8te. Regarder les vid\u00e9os d&rsquo;assistance\" \/>\n<meta property=\"og:url\" content=\"https:\/\/global.razor.com\/be\/service-client\/videos-du-service-client\/\" \/>\n<meta property=\"og:site_name\" content=\"Razor - Belgique et Luxembourg\" \/>\n<meta property=\"article:modified_time\" content=\"2023-04-25T21:19:43+00:00\" \/>\n<meta property=\"og:image\" content=\"https:\/\/global.razor.com\/be\/wp-content\/uploads\/sites\/16\/2011\/10\/razorbuzz.jpg\" \/>\n\t<meta property=\"og:image:width\" content=\"200\" \/>\n\t<meta property=\"og:image:height\" content=\"200\" \/>\n\t<meta property=\"og:image:type\" content=\"image\/jpeg\" \/>\n<meta name=\"twitter:card\" content=\"summary_large_image\" \/>\n<meta name=\"twitter:label1\" content=\"Dur\u00e9e de lecture estim\u00e9e\" \/>\n\t<meta name=\"twitter:data1\" content=\"1 minute\" \/>\n<script type=\"application\/ld+json\" class=\"yoast-schema-graph\">{\"@context\":\"https:\/\/schema.org\",\"@graph\":[{\"@type\":\"WebPage\",\"@id\":\"https:\/\/global.razor.com\/be\/service-client\/videos-du-service-client\/\",\"url\":\"https:\/\/global.razor.com\/be\/service-client\/videos-du-service-client\/\",\"name\":\"Vid\u00e9os du service client - Razor - Belgique et Luxembourg\",\"isPartOf\":{\"@id\":\"https:\/\/global.razor.com\/be\/#website\"},\"primaryImageOfPage\":{\"@id\":\"https:\/\/global.razor.com\/be\/service-client\/videos-du-service-client\/#primaryimage\"},\"image\":{\"@id\":\"https:\/\/global.razor.com\/be\/service-client\/videos-du-service-client\/#primaryimage\"},\"thumbnailUrl\":\"https:\/\/global.razor.com\/be\/wp-content\/uploads\/sites\/16\/2011\/10\/razorbuzz.jpg\",\"datePublished\":\"2022-05-06T22:49:06+00:00\",\"dateModified\":\"2023-04-25T21:19:43+00:00\",\"breadcrumb\":{\"@id\":\"https:\/\/global.razor.com\/be\/service-client\/videos-du-service-client\/#breadcrumb\"},\"inLanguage\":\"fr-FR\",\"potentialAction\":[{\"@type\":\"ReadAction\",\"target\":[\"https:\/\/global.razor.com\/be\/service-client\/videos-du-service-client\/\"]}]},{\"@type\":\"ImageObject\",\"inLanguage\":\"fr-FR\",\"@id\":\"https:\/\/global.razor.com\/be\/service-client\/videos-du-service-client\/#primaryimage\",\"url\":\"https:\/\/global.razor.com\/be\/wp-content\/uploads\/sites\/16\/2011\/10\/razorbuzz.jpg\",\"contentUrl\":\"https:\/\/global.razor.com\/be\/wp-content\/uploads\/sites\/16\/2011\/10\/razorbuzz.jpg\",\"width\":200,\"height\":200,\"caption\":\"Razor\u00ae USA\"},{\"@type\":\"BreadcrumbList\",\"@id\":\"https:\/\/global.razor.com\/be\/service-client\/videos-du-service-client\/#breadcrumb\",\"itemListElement\":[{\"@type\":\"ListItem\",\"position\":1,\"name\":\"Home\",\"item\":\"https:\/\/global.razor.com\/be\/\"},{\"@type\":\"ListItem\",\"position\":2,\"name\":\"Service Client\",\"item\":\"https:\/\/global.razor.com\/be\/service-client\/\"},{\"@type\":\"ListItem\",\"position\":3,\"name\":\"Vid\u00e9os du service client\"}]},{\"@type\":\"WebSite\",\"@id\":\"https:\/\/global.razor.com\/be\/#website\",\"url\":\"https:\/\/global.razor.com\/be\/\",\"name\":\"Razor - Belgique et Luxembourg\",\"description\":\"\",\"publisher\":{\"@id\":\"https:\/\/global.razor.com\/be\/#organization\"},\"potentialAction\":[{\"@type\":\"SearchAction\",\"target\":{\"@type\":\"EntryPoint\",\"urlTemplate\":\"https:\/\/global.razor.com\/be\/search-results\/?q={search_term_string}\"},\"query-input\":{\"@type\":\"PropertyValueSpecification\",\"valueRequired\":true,\"valueName\":\"search_term_string\"}}],\"inLanguage\":\"fr-FR\"},{\"@type\":\"Organization\",\"@id\":\"https:\/\/global.razor.com\/be\/#organization\",\"name\":\"Razor - Belgique et Luxembourg\",\"url\":\"https:\/\/global.razor.com\/be\/\",\"logo\":{\"@type\":\"ImageObject\",\"inLanguage\":\"fr-FR\",\"@id\":\"https:\/\/global.razor.com\/be\/#\/schema\/logo\/image\/\",\"url\":\"https:\/\/global.razor.com\/be\/wp-content\/uploads\/sites\/16\/2011\/10\/razorbuzz.jpg\",\"contentUrl\":\"https:\/\/global.razor.com\/be\/wp-content\/uploads\/sites\/16\/2011\/10\/razorbuzz.jpg\",\"width\":200,\"height\":200,\"caption\":\"Razor - Belgique et Luxembourg\"},\"image\":{\"@id\":\"https:\/\/global.razor.com\/be\/#\/schema\/logo\/image\/\"}}]}<\/script>\n<!-- \/ Yoast SEO Premium plugin. -->","yoast_head_json":{"title":"Vid\u00e9os du service client - Razor - Belgique et Luxembourg","robots":{"index":"index","follow":"follow","max-snippet":"max-snippet:-1","max-image-preview":"max-image-preview:large","max-video-preview":"max-video-preview:-1"},"canonical":"https:\/\/global.razor.com\/be\/service-client\/videos-du-service-client\/","og_locale":"fr_FR","og_type":"article","og_title":"Vid\u00e9os du service client - Razor - Belgique et Luxembourg","og_description":"Nos vid\u00e9os instructives couvrent tout, du montage aux r\u00e9parations et aux remplacements de pi\u00e8ces, elles vous aident en indiquant de nombreuses solutions et en r\u00e9pondant aux questions les plus courantes. Consultez la liste de lecture ici ou rendez-vous sur la cha\u00eene YouTube Razor Worldwide pour voir la collection compl\u00e8te. Regarder les vid\u00e9os d&rsquo;assistance","og_url":"https:\/\/global.razor.com\/be\/service-client\/videos-du-service-client\/","og_site_name":"Razor - Belgique et Luxembourg","article_modified_time":"2023-04-25T21:19:43+00:00","og_image":[{"width":200,"height":200,"url":"https:\/\/global.razor.com\/be\/wp-content\/uploads\/sites\/16\/2011\/10\/razorbuzz.jpg","type":"image\/jpeg"}],"twitter_card":"summary_large_image","twitter_misc":{"Dur\u00e9e de lecture estim\u00e9e":"1 minute"},"schema":{"@context":"https:\/\/schema.org","@graph":[{"@type":"WebPage","@id":"https:\/\/global.razor.com\/be\/service-client\/videos-du-service-client\/","url":"https:\/\/global.razor.com\/be\/service-client\/videos-du-service-client\/","name":"Vid\u00e9os du service client - Razor - Belgique et Luxembourg","isPartOf":{"@id":"https:\/\/global.razor.com\/be\/#website"},"primaryImageOfPage":{"@id":"https:\/\/global.razor.com\/be\/service-client\/videos-du-service-client\/#primaryimage"},"image":{"@id":"https:\/\/global.razor.com\/be\/service-client\/videos-du-service-client\/#primaryimage"},"thumbnailUrl":"https:\/\/global.razor.com\/be\/wp-content\/uploads\/sites\/16\/2011\/10\/razorbuzz.jpg","datePublished":"2022-05-06T22:49:06+00:00","dateModified":"2023-04-25T21:19:43+00:00","breadcrumb":{"@id":"https:\/\/global.razor.com\/be\/service-client\/videos-du-service-client\/#breadcrumb"},"inLanguage":"fr-FR","potentialAction":[{"@type":"ReadAction","target":["https:\/\/global.razor.com\/be\/service-client\/videos-du-service-client\/"]}]},{"@type":"ImageObject","inLanguage":"fr-FR","@id":"https:\/\/global.razor.com\/be\/service-client\/videos-du-service-client\/#primaryimage","url":"https:\/\/global.razor.com\/be\/wp-content\/uploads\/sites\/16\/2011\/10\/razorbuzz.jpg","contentUrl":"https:\/\/global.razor.com\/be\/wp-content\/uploads\/sites\/16\/2011\/10\/razorbuzz.jpg","width":200,"height":200,"caption":"Razor\u00ae USA"},{"@type":"BreadcrumbList","@id":"https:\/\/global.razor.com\/be\/service-client\/videos-du-service-client\/#breadcrumb","itemListElement":[{"@type":"ListItem","position":1,"name":"Home","item":"https:\/\/global.razor.com\/be\/"},{"@type":"ListItem","position":2,"name":"Service Client","item":"https:\/\/global.razor.com\/be\/service-client\/"},{"@type":"ListItem","position":3,"name":"Vid\u00e9os du service client"}]},{"@type":"WebSite","@id":"https:\/\/global.razor.com\/be\/#website","url":"https:\/\/global.razor.com\/be\/","name":"Razor - Belgique et Luxembourg","description":"","publisher":{"@id":"https:\/\/global.razor.com\/be\/#organization"},"potentialAction":[{"@type":"SearchAction","target":{"@type":"EntryPoint","urlTemplate":"https:\/\/global.razor.com\/be\/search-results\/?q={search_term_string}"},"query-input":{"@type":"PropertyValueSpecification","valueRequired":true,"valueName":"search_term_string"}}],"inLanguage":"fr-FR"},{"@type":"Organization","@id":"https:\/\/global.razor.com\/be\/#organization","name":"Razor - Belgique et Luxembourg","url":"https:\/\/global.razor.com\/be\/","logo":{"@type":"ImageObject","inLanguage":"fr-FR","@id":"https:\/\/global.razor.com\/be\/#\/schema\/logo\/image\/","url":"https:\/\/global.razor.com\/be\/wp-content\/uploads\/sites\/16\/2011\/10\/razorbuzz.jpg","contentUrl":"https:\/\/global.razor.com\/be\/wp-content\/uploads\/sites\/16\/2011\/10\/razorbuzz.jpg","width":200,"height":200,"caption":"Razor - Belgique et Luxembourg"},"image":{"@id":"https:\/\/global.razor.com\/be\/#\/schema\/logo\/image\/"}}]}},"_links":{"self":[{"href":"https:\/\/global.razor.com\/be\/wp-json\/wp\/v2\/pages\/12199","targetHints":{"allow":["GET"]}}],"collection":[{"href":"https:\/\/global.razor.com\/be\/wp-json\/wp\/v2\/pages"}],"about":[{"href":"https:\/\/global.razor.com\/be\/wp-json\/wp\/v2\/types\/page"}],"author":[{"embeddable":true,"href":"https:\/\/global.razor.com\/be\/wp-json\/wp\/v2\/users\/4"}],"replies":[{"embeddable":true,"href":"https:\/\/global.razor.com\/be\/wp-json\/wp\/v2\/comments?post=12199"}],"version-history":[{"count":0,"href":"https:\/\/global.razor.com\/be\/wp-json\/wp\/v2\/pages\/12199\/revisions"}],"up":[{"embeddable":true,"href":"https:\/\/global.razor.com\/be\/wp-json\/wp\/v2\/pages\/3364"}],"wp:featuredmedia":[{"embeddable":true,"href":"https:\/\/global.razor.com\/be\/wp-json\/wp\/v2\/media\/862"}],"wp:attachment":[{"href":"https:\/\/global.razor.com\/be\/wp-json\/wp\/v2\/media?parent=12199"}],"curies":[{"name":"wp","href":"https:\/\/api.w.org\/{rel}","templated":true}]}}