{"id":3288,"date":"2011-11-01T04:08:06","date_gmt":"2011-11-01T11:08:06","guid":{"rendered":"https:\/\/global.razor.com\/at\/where-to-buy\/"},"modified":"2022-08-26T19:19:37","modified_gmt":"2022-08-26T17:19:37","slug":"wo-kaufen","status":"publish","type":"page","link":"https:\/\/global.razor.com\/at\/wo-kaufen\/","title":{"rendered":"Wo Kaufen"},"content":{"rendered":"<section class=\"wtb-vendors online\">\n<div class=\"container-xxl\">\n<div class=\"row\">\n<div class=\"col-12\">\n<h2 class=\"mb-4\">Autorisierte Ersatzteile<\/h2>\n<\/div>\n<\/div>\n<div class=\"row\">\n<div class=\"col-12 col-md-2 pb-4 pe-4\"><a href=\"https:\/\/www.1080riders.com\/\"><img loading=\"lazy\" decoding=\"async\" class=\"img-fluid\" src=\"\/de\/wp-content\/uploads\/sites\/15\/2022\/05\/razor-1080-Riders-logo.png\" alt=\"1080 Riders Logo\" width=\"79\" height=\"45\"><\/a><\/div>\n<div class=\"col-12 col-md-auto\">\n<p><a href=\"https:\/\/www.1080riders.com\/\" target=\"_blank\" rel=\"noopener noreferrer\">https:\/\/www.1080riders.com\/<\/a> <a href=\"mailto:sales@1080riders.com\">sales@1080riders.com<\/a><\/p>\n<\/div>\n<\/div>\n<\/div>\n<\/section>\n","protected":false},"excerpt":{"rendered":"<p>Autorisierte Ersatzteile https:\/\/www.1080riders.com\/ sales@1080riders.com<\/p>\n","protected":false},"author":1,"featured_media":0,"parent":0,"menu_order":0,"comment_status":"closed","ping_status":"open","template":"page-where-to-buy.php","meta":{"_acf_changed":false,"ngg_post_thumbnail":0,"footnotes":""},"class_list":["post-3288","page","type-page","status-publish","hentry"],"acf":[],"yoast_head":"<!-- This site is optimized with the Yoast SEO plugin v24.8.1 - https:\/\/yoast.com\/wordpress\/plugins\/seo\/ -->\n<title>Razor- \u00d6sterreich<\/title>\n<meta name=\"description\" content=\"Razor Produkte kann man bei den folgenden autorisierten Online und Einzelh\u00e4ndlern. Produkte und Farben k\u00f6nnen variieren, erkundige dich nach Verf\u00fcgbarkeit.\" \/>\n<meta name=\"robots\" content=\"index, follow, max-snippet:-1, max-image-preview:large, max-video-preview:-1\" \/>\n<link rel=\"canonical\" href=\"https:\/\/global.razor.com\/at\/wo-kaufen\/\" \/>\n<meta property=\"og:locale\" content=\"de_DE\" \/>\n<meta property=\"og:type\" content=\"article\" \/>\n<meta property=\"og:title\" content=\"Razor- \u00d6sterreich\" \/>\n<meta property=\"og:description\" content=\"Razor Produkte kann man bei den folgenden autorisierten Online und Einzelh\u00e4ndlern. Produkte und Farben k\u00f6nnen variieren, erkundige dich nach Verf\u00fcgbarkeit.\" \/>\n<meta property=\"og:url\" content=\"https:\/\/global.razor.com\/at\/wo-kaufen\/\" \/>\n<meta property=\"og:site_name\" content=\"Razor - \u00d6sterreich\" \/>\n<meta property=\"article:publisher\" content=\"https:\/\/www.facebook.com\/RazorWorldwide\" \/>\n<meta property=\"article:modified_time\" content=\"2022-08-26T17:19:37+00:00\" \/>\n<meta property=\"og:image\" content=\"http:\/\/www.razor.com\/wp-content\/themes\/razor\/images\/razor-fb-200x200.jpg\" \/>\n<meta name=\"twitter:card\" content=\"summary_large_image\" \/>\n<meta name=\"twitter:site\" content=\"@RazorWorldwide\" \/>\n<meta name=\"twitter:label1\" content=\"Gesch\u00e4tzte Lesezeit\" \/>\n\t<meta name=\"twitter:data1\" content=\"1 Minute\" \/>\n<script type=\"application\/ld+json\" class=\"yoast-schema-graph\">{\"@context\":\"https:\/\/schema.org\",\"@graph\":[{\"@type\":\"WebPage\",\"@id\":\"https:\/\/global.razor.com\/at\/wo-kaufen\/\",\"url\":\"https:\/\/global.razor.com\/at\/wo-kaufen\/\",\"name\":\"Razor- \u00d6sterreich\",\"isPartOf\":{\"@id\":\"https:\/\/global.razor.com\/at\/#website\"},\"datePublished\":\"2011-11-01T11:08:06+00:00\",\"dateModified\":\"2022-08-26T17:19:37+00:00\",\"description\":\"Razor Produkte kann man bei den folgenden autorisierten Online und Einzelh\u00e4ndlern. Produkte und Farben k\u00f6nnen variieren, erkundige dich nach Verf\u00fcgbarkeit.\",\"breadcrumb\":{\"@id\":\"https:\/\/global.razor.com\/at\/wo-kaufen\/#breadcrumb\"},\"inLanguage\":\"de-DE\",\"potentialAction\":[{\"@type\":\"ReadAction\",\"target\":[\"https:\/\/global.razor.com\/at\/wo-kaufen\/\"]}]},{\"@type\":\"BreadcrumbList\",\"@id\":\"https:\/\/global.razor.com\/at\/wo-kaufen\/#breadcrumb\",\"itemListElement\":[{\"@type\":\"ListItem\",\"position\":1,\"name\":\"Startseite\",\"item\":\"https:\/\/global.razor.com\/at\/\"},{\"@type\":\"ListItem\",\"position\":2,\"name\":\"Wo Kaufen\"}]},{\"@type\":\"WebSite\",\"@id\":\"https:\/\/global.razor.com\/at\/#website\",\"url\":\"https:\/\/global.razor.com\/at\/\",\"name\":\"Razor - \u00d6sterreich\",\"description\":\"\",\"potentialAction\":[{\"@type\":\"SearchAction\",\"target\":{\"@type\":\"EntryPoint\",\"urlTemplate\":\"https:\/\/global.razor.com\/at\/search-results\/?q={search_term_string}\"},\"query-input\":{\"@type\":\"PropertyValueSpecification\",\"valueRequired\":true,\"valueName\":\"search_term_string\"}}],\"inLanguage\":\"de-DE\"}]}<\/script>\n<!-- \/ Yoast SEO plugin. -->","yoast_head_json":{"title":"Razor- \u00d6sterreich","description":"Razor Produkte kann man bei den folgenden autorisierten Online und Einzelh\u00e4ndlern. Produkte und Farben k\u00f6nnen variieren, erkundige dich nach Verf\u00fcgbarkeit.","robots":{"index":"index","follow":"follow","max-snippet":"max-snippet:-1","max-image-preview":"max-image-preview:large","max-video-preview":"max-video-preview:-1"},"canonical":"https:\/\/global.razor.com\/at\/wo-kaufen\/","og_locale":"de_DE","og_type":"article","og_title":"Razor- \u00d6sterreich","og_description":"Razor Produkte kann man bei den folgenden autorisierten Online und Einzelh\u00e4ndlern. Produkte und Farben k\u00f6nnen variieren, erkundige dich nach Verf\u00fcgbarkeit.","og_url":"https:\/\/global.razor.com\/at\/wo-kaufen\/","og_site_name":"Razor - \u00d6sterreich","article_publisher":"https:\/\/www.facebook.com\/RazorWorldwide","article_modified_time":"2022-08-26T17:19:37+00:00","og_image":[{"url":"http:\/\/www.razor.com\/wp-content\/themes\/razor\/images\/razor-fb-200x200.jpg","type":"","width":"","height":""}],"twitter_card":"summary_large_image","twitter_site":"@RazorWorldwide","twitter_misc":{"Gesch\u00e4tzte Lesezeit":"1 Minute"},"schema":{"@context":"https:\/\/schema.org","@graph":[{"@type":"WebPage","@id":"https:\/\/global.razor.com\/at\/wo-kaufen\/","url":"https:\/\/global.razor.com\/at\/wo-kaufen\/","name":"Razor- \u00d6sterreich","isPartOf":{"@id":"https:\/\/global.razor.com\/at\/#website"},"datePublished":"2011-11-01T11:08:06+00:00","dateModified":"2022-08-26T17:19:37+00:00","description":"Razor Produkte kann man bei den folgenden autorisierten Online und Einzelh\u00e4ndlern. Produkte und Farben k\u00f6nnen variieren, erkundige dich nach Verf\u00fcgbarkeit.","breadcrumb":{"@id":"https:\/\/global.razor.com\/at\/wo-kaufen\/#breadcrumb"},"inLanguage":"de-DE","potentialAction":[{"@type":"ReadAction","target":["https:\/\/global.razor.com\/at\/wo-kaufen\/"]}]},{"@type":"BreadcrumbList","@id":"https:\/\/global.razor.com\/at\/wo-kaufen\/#breadcrumb","itemListElement":[{"@type":"ListItem","position":1,"name":"Startseite","item":"https:\/\/global.razor.com\/at\/"},{"@type":"ListItem","position":2,"name":"Wo Kaufen"}]},{"@type":"WebSite","@id":"https:\/\/global.razor.com\/at\/#website","url":"https:\/\/global.razor.com\/at\/","name":"Razor - \u00d6sterreich","description":"","potentialAction":[{"@type":"SearchAction","target":{"@type":"EntryPoint","urlTemplate":"https:\/\/global.razor.com\/at\/search-results\/?q={search_term_string}"},"query-input":{"@type":"PropertyValueSpecification","valueRequired":true,"valueName":"search_term_string"}}],"inLanguage":"de-DE"}]}},"_links":{"self":[{"href":"https:\/\/global.razor.com\/at\/wp-json\/wp\/v2\/pages\/3288","targetHints":{"allow":["GET"]}}],"collection":[{"href":"https:\/\/global.razor.com\/at\/wp-json\/wp\/v2\/pages"}],"about":[{"href":"https:\/\/global.razor.com\/at\/wp-json\/wp\/v2\/types\/page"}],"author":[{"embeddable":true,"href":"https:\/\/global.razor.com\/at\/wp-json\/wp\/v2\/users\/1"}],"replies":[{"embeddable":true,"href":"https:\/\/global.razor.com\/at\/wp-json\/wp\/v2\/comments?post=3288"}],"version-history":[{"count":0,"href":"https:\/\/global.razor.com\/at\/wp-json\/wp\/v2\/pages\/3288\/revisions"}],"wp:attachment":[{"href":"https:\/\/global.razor.com\/at\/wp-json\/wp\/v2\/media?parent=3288"}],"curies":[{"name":"wp","href":"https:\/\/api.w.org\/{rel}","templated":true}]}}