{"id":3221,"date":"2011-10-31T03:52:18","date_gmt":"2011-10-31T10:52:18","guid":{"rendered":"https:\/\/global.razor.com\/at\/customer-care\/owners-manuals\/"},"modified":"2022-05-02T22:07:35","modified_gmt":"2022-05-02T20:07:35","slug":"handbucher","status":"publish","type":"page","link":"https:\/\/global.razor.com\/at\/razor-kundenbetreuung\/handbucher\/","title":{"rendered":"Handb\u00fccher"},"content":{"rendered":"<p>Durchsuche die Liste der verf\u00fcgbaren Produkte in Deutschland, um das Produkthandbuch f\u00fcr dein Razor-Fahrzeug zu suchen. Falls du eine Bedienungsanleitungen f\u00fcr Produkte suchst, die nicht mehr hergestellt werden, oder weitere Fragen zu deinem Produkt hast, besuche Razor Care for Support.<\/p>\n","protected":false},"excerpt":{"rendered":"<p>Durchsuche die Liste der verf\u00fcgbaren Produkte in Deutschland, um das Produkthandbuch f\u00fcr dein Razor-Fahrzeug zu suchen. Falls du eine Bedienungsanleitungen f\u00fcr Produkte suchst, die nicht mehr hergestellt werden, oder weitere Fragen zu deinem Produkt hast, besuche Razor Care for Support.<\/p>\n","protected":false},"author":1,"featured_media":0,"parent":3211,"menu_order":0,"comment_status":"closed","ping_status":"open","template":"page-manuals.php","meta":{"_acf_changed":false,"ngg_post_thumbnail":0,"footnotes":""},"class_list":["post-3221","page","type-page","status-publish","hentry"],"acf":[],"yoast_head":"<!-- This site is optimized with the Yoast SEO plugin v24.8.1 - https:\/\/yoast.com\/wordpress\/plugins\/seo\/ -->\n<title>Handb\u00fccher - Razor Deutschland<\/title>\n<meta name=\"robots\" content=\"index, follow, max-snippet:-1, max-image-preview:large, max-video-preview:-1\" \/>\n<link rel=\"canonical\" href=\"https:\/\/global.razor.com\/at\/razor-kundenbetreuung\/handbucher\/\" \/>\n<meta property=\"og:locale\" content=\"de_DE\" \/>\n<meta property=\"og:type\" content=\"article\" \/>\n<meta property=\"og:title\" content=\"Handb\u00fccher - Razor Deutschland\" \/>\n<meta property=\"og:description\" content=\"Durchsuche die Liste der verf\u00fcgbaren Produkte in Deutschland, um das Produkthandbuch f\u00fcr dein Razor-Fahrzeug zu suchen. Falls du eine Bedienungsanleitungen f\u00fcr Produkte suchst, die nicht mehr hergestellt werden, oder weitere Fragen zu deinem Produkt hast, besuche Razor Care for Support.\" \/>\n<meta property=\"og:url\" content=\"https:\/\/global.razor.com\/at\/razor-kundenbetreuung\/handbucher\/\" \/>\n<meta property=\"og:site_name\" content=\"Razor - \u00d6sterreich\" \/>\n<meta property=\"article:publisher\" content=\"https:\/\/www.facebook.com\/RazorWorldwide\" \/>\n<meta property=\"article:modified_time\" content=\"2022-05-02T20:07:35+00:00\" \/>\n<meta property=\"og:image\" content=\"http:\/\/www.razor.com\/wp-content\/themes\/razor\/images\/razor-fb-200x200.jpg\" \/>\n<meta name=\"twitter:card\" content=\"summary_large_image\" \/>\n<meta name=\"twitter:site\" content=\"@RazorWorldwide\" \/>\n<script type=\"application\/ld+json\" class=\"yoast-schema-graph\">{\"@context\":\"https:\/\/schema.org\",\"@graph\":[{\"@type\":\"WebPage\",\"@id\":\"https:\/\/global.razor.com\/at\/razor-kundenbetreuung\/handbucher\/\",\"url\":\"https:\/\/global.razor.com\/at\/razor-kundenbetreuung\/handbucher\/\",\"name\":\"Handb\u00fccher - Razor Deutschland\",\"isPartOf\":{\"@id\":\"https:\/\/global.razor.com\/at\/#website\"},\"datePublished\":\"2011-10-31T10:52:18+00:00\",\"dateModified\":\"2022-05-02T20:07:35+00:00\",\"breadcrumb\":{\"@id\":\"https:\/\/global.razor.com\/at\/razor-kundenbetreuung\/handbucher\/#breadcrumb\"},\"inLanguage\":\"de-DE\",\"potentialAction\":[{\"@type\":\"ReadAction\",\"target\":[\"https:\/\/global.razor.com\/at\/razor-kundenbetreuung\/handbucher\/\"]}]},{\"@type\":\"BreadcrumbList\",\"@id\":\"https:\/\/global.razor.com\/at\/razor-kundenbetreuung\/handbucher\/#breadcrumb\",\"itemListElement\":[{\"@type\":\"ListItem\",\"position\":1,\"name\":\"Startseite\",\"item\":\"https:\/\/global.razor.com\/at\/\"},{\"@type\":\"ListItem\",\"position\":2,\"name\":\"Razor Kundenbetreuung\",\"item\":\"https:\/\/global.razor.com\/at\/razor-kundenbetreuung\/\"},{\"@type\":\"ListItem\",\"position\":3,\"name\":\"Handb\u00fccher\"}]},{\"@type\":\"WebSite\",\"@id\":\"https:\/\/global.razor.com\/at\/#website\",\"url\":\"https:\/\/global.razor.com\/at\/\",\"name\":\"Razor - \u00d6sterreich\",\"description\":\"\",\"potentialAction\":[{\"@type\":\"SearchAction\",\"target\":{\"@type\":\"EntryPoint\",\"urlTemplate\":\"https:\/\/global.razor.com\/at\/search-results\/?q={search_term_string}\"},\"query-input\":{\"@type\":\"PropertyValueSpecification\",\"valueRequired\":true,\"valueName\":\"search_term_string\"}}],\"inLanguage\":\"de-DE\"}]}<\/script>\n<!-- \/ Yoast SEO plugin. -->","yoast_head_json":{"title":"Handb\u00fccher - Razor Deutschland","robots":{"index":"index","follow":"follow","max-snippet":"max-snippet:-1","max-image-preview":"max-image-preview:large","max-video-preview":"max-video-preview:-1"},"canonical":"https:\/\/global.razor.com\/at\/razor-kundenbetreuung\/handbucher\/","og_locale":"de_DE","og_type":"article","og_title":"Handb\u00fccher - Razor Deutschland","og_description":"Durchsuche die Liste der verf\u00fcgbaren Produkte in Deutschland, um das Produkthandbuch f\u00fcr dein Razor-Fahrzeug zu suchen. Falls du eine Bedienungsanleitungen f\u00fcr Produkte suchst, die nicht mehr hergestellt werden, oder weitere Fragen zu deinem Produkt hast, besuche Razor Care for Support.","og_url":"https:\/\/global.razor.com\/at\/razor-kundenbetreuung\/handbucher\/","og_site_name":"Razor - \u00d6sterreich","article_publisher":"https:\/\/www.facebook.com\/RazorWorldwide","article_modified_time":"2022-05-02T20:07:35+00:00","og_image":[{"url":"http:\/\/www.razor.com\/wp-content\/themes\/razor\/images\/razor-fb-200x200.jpg","type":"","width":"","height":""}],"twitter_card":"summary_large_image","twitter_site":"@RazorWorldwide","schema":{"@context":"https:\/\/schema.org","@graph":[{"@type":"WebPage","@id":"https:\/\/global.razor.com\/at\/razor-kundenbetreuung\/handbucher\/","url":"https:\/\/global.razor.com\/at\/razor-kundenbetreuung\/handbucher\/","name":"Handb\u00fccher - Razor Deutschland","isPartOf":{"@id":"https:\/\/global.razor.com\/at\/#website"},"datePublished":"2011-10-31T10:52:18+00:00","dateModified":"2022-05-02T20:07:35+00:00","breadcrumb":{"@id":"https:\/\/global.razor.com\/at\/razor-kundenbetreuung\/handbucher\/#breadcrumb"},"inLanguage":"de-DE","potentialAction":[{"@type":"ReadAction","target":["https:\/\/global.razor.com\/at\/razor-kundenbetreuung\/handbucher\/"]}]},{"@type":"BreadcrumbList","@id":"https:\/\/global.razor.com\/at\/razor-kundenbetreuung\/handbucher\/#breadcrumb","itemListElement":[{"@type":"ListItem","position":1,"name":"Startseite","item":"https:\/\/global.razor.com\/at\/"},{"@type":"ListItem","position":2,"name":"Razor Kundenbetreuung","item":"https:\/\/global.razor.com\/at\/razor-kundenbetreuung\/"},{"@type":"ListItem","position":3,"name":"Handb\u00fccher"}]},{"@type":"WebSite","@id":"https:\/\/global.razor.com\/at\/#website","url":"https:\/\/global.razor.com\/at\/","name":"Razor - \u00d6sterreich","description":"","potentialAction":[{"@type":"SearchAction","target":{"@type":"EntryPoint","urlTemplate":"https:\/\/global.razor.com\/at\/search-results\/?q={search_term_string}"},"query-input":{"@type":"PropertyValueSpecification","valueRequired":true,"valueName":"search_term_string"}}],"inLanguage":"de-DE"}]}},"_links":{"self":[{"href":"https:\/\/global.razor.com\/at\/wp-json\/wp\/v2\/pages\/3221","targetHints":{"allow":["GET"]}}],"collection":[{"href":"https:\/\/global.razor.com\/at\/wp-json\/wp\/v2\/pages"}],"about":[{"href":"https:\/\/global.razor.com\/at\/wp-json\/wp\/v2\/types\/page"}],"author":[{"embeddable":true,"href":"https:\/\/global.razor.com\/at\/wp-json\/wp\/v2\/users\/1"}],"replies":[{"embeddable":true,"href":"https:\/\/global.razor.com\/at\/wp-json\/wp\/v2\/comments?post=3221"}],"version-history":[{"count":0,"href":"https:\/\/global.razor.com\/at\/wp-json\/wp\/v2\/pages\/3221\/revisions"}],"up":[{"embeddable":true,"href":"https:\/\/global.razor.com\/at\/wp-json\/wp\/v2\/pages\/3211"}],"wp:attachment":[{"href":"https:\/\/global.razor.com\/at\/wp-json\/wp\/v2\/media?parent=3221"}],"curies":[{"name":"wp","href":"https:\/\/api.w.org\/{rel}","templated":true}]}}